

{"id":3007,"date":"2024-01-01T17:57:15","date_gmt":"2024-01-01T15:57:15","guid":{"rendered":"https:\/\/fabsk.eu\/blog\/?page_id=3007"},"modified":"2024-01-02T20:38:38","modified_gmt":"2024-01-02T18:38:38","slug":"ressources-sur-la-finance-ethique","status":"publish","type":"page","link":"https:\/\/fabsk.eu\/blog\/ressources-sur-la-finance-ethique\/","title":{"rendered":"Ressources sur la finance \u00e9thique"},"content":{"rendered":"\n<p>Apr\u00e8s <a href=\"https:\/\/fabsk.eu\/blog\/2019\/10\/27\/epargne-ethique-un-choix-tres-limite\/\" data-type=\"post\" data-id=\"2134\">mes recherches en 2019<\/a>, je poursuis mes r\u00e9flexions sur l&rsquo;utilisation de ses \u00e9conomies pour limiter sa contribution \u00e0 des activit\u00e9s d\u00e9l\u00e9t\u00e8res. Conclusion: beaucoup de vent actuellement.<\/p>\n\n\n\n<h2 class=\"wp-block-heading\">Interview: L&rsquo;illusion de la finance verte<\/h2>\n\n\n\n<p>Je recommande d&rsquo;abord l&rsquo;article-interview <a href=\"https:\/\/bonpote.com\/lillusion-de-la-finance-verte-julien-le-fournier\/\">L&rsquo;illusion de la finance verte<\/a> chez Bon Pote, o\u00f9 s&rsquo;exprime un ex-financier auteur (avec <a href=\"https:\/\/fr.wikipedia.org\/wiki\/Alain_Grandjean\">Alain Grandjean<\/a>) d&rsquo;un livre sur le sujet. Voila quelques points qui \u00e9clairent ma r\u00e9flexion (pas tous de l&rsquo;auteur):<\/p>\n\n\n\n<ul class=\"wp-block-list\">\n<li><strong>Un produit financier n&rsquo;est pas vert si le financement aurait pu se faire sur le march\u00e9 non-vert.<\/strong> Si il a les m\u00eames conditions (taux d\u2019int\u00e9r\u00eats\u2026), alors cela veut dire que la labellisation de ce produit financier n&rsquo;apporte rien \u00e0 la transition \u00e9cologique. La banque se fait de l\u2019\u00e9coblanchiment sans rien apporter.  Ce n&rsquo;est pas la banque qui fait les investissements plus durables, mais les demandes en investissements par des entreprises qui cr\u00e9ent des labellisations.<br>Au mieux cela permet \u00e0 l&rsquo;investisseur de se dire que son argent est investi dans une entreprise mieux-disante.<\/li>\n\n\n\n<li><strong>Par nature, un investissement durable doit \u00eatre moins performant financi\u00e8rement, et ce n&rsquo;est pas ce qui est vendu pour les fonds labellis\u00e9s<\/strong> (ISR, Investissement Socialement Responsable)<strong>, donc cela n&rsquo;acc\u00e9l\u00e8re pas la transition<\/strong>. Si on s&rsquo;impose des contraintes (environnementales, sociales\u2026), alors on a acc\u00e8s \u00e0 un sous-ensemble des entreprises, on a donc moins d&rsquo;opportunit\u00e9s que les fonds sans contraintes, donc un rendement moindre.<br>Or, les offres ne proposent pas des rendements inf\u00e9rieurs (certains se targuent d&rsquo;essayer de \u00ab\u202fbattre le march\u00e9\u202f\u00bb), donc cela veut dire que ces fonds labellis\u00e9s jouent quasiment avec les m\u00eames cartes (du Total, du BNP-Paribas\u2026).<\/li>\n\n\n\n<li><strong>Les fonds labellis\u00e9s \u00e9tant minoritaires, les entreprises excluent trouvent facilement preneurs sur le march\u00e9 classique<\/strong>. C&rsquo;est donc une mauvaise piste pour un changement syst\u00e9mique. Autres pistes: taxe carbone (aux fronti\u00e8res et dans le march\u00e9 int\u00e9rieur), bonus-malus faisant payer les entreprises \u00e9mettrices au profit de celles plus vertueuses pour contrebalancer leur risque\/profitabilit\u00e9 moins bons.<\/li>\n<\/ul>\n\n\n\n<h2 class=\"wp-block-heading\">Documentaire: La finance lave plus vert<\/h2>\n\n\n\n<p>Un <a href=\"https:\/\/www.arte.tv\/fr\/videos\/103559-000-A\/la-finance-lave-plus-vert\/\">documentaire Arte<\/a> (51 min). Points soulev\u00e9s:<\/p>\n\n\n\n<ul class=\"wp-block-list\">\n<li><strong>Des entreprises sont labellis\u00e9es \u00abdurables\u202f\u00bb au passif lourd<\/strong>: Umicore est une entreprise belge reconvertie dans des domaines de transition \u00e9cologique (photovolta\u00efque, semi-conducteurs, LED) et a \u00e9t\u00e9 s\u00e9lectionn\u00e9e dans un fond vert pour \u00e7a. Mais auparavant c&rsquo;\u00e9tait une entreprise mini\u00e8re (charbon, uranium) qui a laiss\u00e9 des friches polluant les alentours (m\u00e9taux lourds, radioactivit\u00e9) et provoquant des cancers. Si la soci\u00e9t\u00e9 devait vraiment d\u00e9contaminer les sites, elle ferait d\u00e9faut. <a href=\"https:\/\/fr.wikipedia.org\/wiki\/Bertrand_Piccard\">Bertrand Picard<\/a> qui promeut ce fond argue que c&rsquo;est \u00e0 la collectivit\u00e9 d&rsquo;assumer ces co\u00fbts induits par la politique pass\u00e9e (bref, privatisation des profits).<\/li>\n\n\n\n<li><strong>Des fonds dits vertueux comprennent des entreprises qui ne le sont pas du tout<\/strong> comme Total. Dans des fonds \u00ab\u202fvertueux\u202f\u00bb du Cr\u00e9dit Coop\u00e9ratif\/Ecofi, j&rsquo;ai vu du Dassault (oui, ce sont les fabricants d&rsquo;armes controvers\u00e9es qui sont exclues), du BNP-Paribas (gros financeur du fossile).<br>Un fond finance le groupe Majid Al Futtaim qui fait entre autres des centres commerciaux et\u2026 des pistes de skis d&rsquo;int\u00e9rieur dans des pays chauds arides. L&rsquo;investissement a \u00e9t\u00e9 fait sur la base de l&rsquo;am\u00e9lioration de l&rsquo;efficacit\u00e9 \u00e9nerg\u00e9tique, mais le groupe va ouvrir deux nouveaux centre de ski.<\/li>\n\n\n\n<li><strong>Le fond de retraite suisse place l\u2019argent des futurs retrait\u00e9s avec la rentabilit\u00e9 comme objectif, sans crit\u00e8re de durabilit\u00e9<\/strong>. C&rsquo;est hors de port\u00e9e des convictions individuelles (sauf si la population suisse votait pour un changement de politique).<\/li>\n\n\n\n<li><strong>La Deutsche Bank est accus\u00e9e aux \u00c9tats-Unis d&rsquo;avoir vendu des placements durables (plus rentables pour elle) sans de vraies preuves qu&rsquo;ils le soient<\/strong> (affaire en cours, la DB d\u00e9ment).<\/li>\n<\/ul>\n","protected":false},"excerpt":{"rendered":"<p>Apr\u00e8s mes recherches en 2019, je poursuis mes r\u00e9flexions sur l&rsquo;utilisation de ses \u00e9conomies pour limiter sa contribution \u00e0 des activit\u00e9s d\u00e9l\u00e9t\u00e8res. Conclusion: beaucoup de vent actuellement. Interview: L&rsquo;illusion de la finance verte Je recommande d&rsquo;abord l&rsquo;article-interview L&rsquo;illusion de la finance verte chez Bon Pote, o\u00f9 s&rsquo;exprime un ex-financier auteur (avec Alain Grandjean) d&rsquo;un livre [&hellip;]<\/p>\n","protected":false},"author":1,"featured_media":0,"parent":0,"menu_order":0,"comment_status":"open","ping_status":"closed","template":"","meta":{"footnotes":""},"class_list":["post-3007","page","type-page","status-publish","hentry"],"_links":{"self":[{"href":"https:\/\/fabsk.eu\/blog\/wp-json\/wp\/v2\/pages\/3007","targetHints":{"allow":["GET"]}}],"collection":[{"href":"https:\/\/fabsk.eu\/blog\/wp-json\/wp\/v2\/pages"}],"about":[{"href":"https:\/\/fabsk.eu\/blog\/wp-json\/wp\/v2\/types\/page"}],"author":[{"embeddable":true,"href":"https:\/\/fabsk.eu\/blog\/wp-json\/wp\/v2\/users\/1"}],"replies":[{"embeddable":true,"href":"https:\/\/fabsk.eu\/blog\/wp-json\/wp\/v2\/comments?post=3007"}],"version-history":[{"count":8,"href":"https:\/\/fabsk.eu\/blog\/wp-json\/wp\/v2\/pages\/3007\/revisions"}],"predecessor-version":[{"id":3015,"href":"https:\/\/fabsk.eu\/blog\/wp-json\/wp\/v2\/pages\/3007\/revisions\/3015"}],"wp:attachment":[{"href":"https:\/\/fabsk.eu\/blog\/wp-json\/wp\/v2\/media?parent=3007"}],"curies":[{"name":"wp","href":"https:\/\/api.w.org\/{rel}","templated":true}]}}