

{"id":1170,"date":"2013-06-01T13:05:45","date_gmt":"2013-06-01T12:05:45","guid":{"rendered":"http:\/\/fabsk.eu\/blog\/?page_id=1170"},"modified":"2018-05-19T10:31:49","modified_gmt":"2018-05-19T08:31:49","slug":"mention-legales","status":"publish","type":"page","link":"https:\/\/fabsk.eu\/blog\/mention-legales\/","title":{"rendered":"Mentions l\u00e9gales"},"content":{"rendered":"<p>Site web h\u00e9berg\u00e9 par <a href=\"http:\/\/www.ovh.com\/fr\/index.xml\">OVH<\/a> \u2013 2, rue Kellermann \u2013 59100 Roubaix \u2013 France<\/p>\n<p>Note: tout commentaire promotionnel pourra \u00eatre supprim\u00e9.<\/p>\n<p>Ce site utilise le logiciel <a href=\"https:\/\/matomo.org\/\">Matomo<\/a> pour \u00e9tablir des statistiques sur les visiteurs (pays, type de mat\u00e9riel utilis\u00e9, pages successives vues). Seuls les deux premiers nombres de l&rsquo;adresse IP des visiteurs est conserv\u00e9e. Les donn\u00e9es ne sont pas et ne seront pas communiqu\u00e9es \u00e0 des tiers (sauf obligations l\u00e9gales comme les forces de l&rsquo;ordre).<\/p>\n<p><iframe style=\"border: 0; height: 200px; width: 600px;\" src=\"https:\/\/fabsk.eu\/analytics\/index.php?module=CoreAdminHome&amp;action=optOut&amp;language=fr\"><\/iframe><\/p>\n","protected":false},"excerpt":{"rendered":"<p>Site web h\u00e9berg\u00e9 par OVH \u2013 2, rue Kellermann \u2013 59100 Roubaix \u2013 France Note: tout commentaire promotionnel pourra \u00eatre supprim\u00e9. Ce site utilise le logiciel Matomo pour \u00e9tablir des statistiques sur les visiteurs (pays, type de mat\u00e9riel utilis\u00e9, pages successives vues). Seuls les deux premiers nombres de l&rsquo;adresse IP des visiteurs est conserv\u00e9e. Les [&hellip;]<\/p>\n","protected":false},"author":1,"featured_media":0,"parent":0,"menu_order":0,"comment_status":"open","ping_status":"open","template":"","meta":{"footnotes":""},"class_list":["post-1170","page","type-page","status-publish","hentry"],"_links":{"self":[{"href":"https:\/\/fabsk.eu\/blog\/wp-json\/wp\/v2\/pages\/1170","targetHints":{"allow":["GET"]}}],"collection":[{"href":"https:\/\/fabsk.eu\/blog\/wp-json\/wp\/v2\/pages"}],"about":[{"href":"https:\/\/fabsk.eu\/blog\/wp-json\/wp\/v2\/types\/page"}],"author":[{"embeddable":true,"href":"https:\/\/fabsk.eu\/blog\/wp-json\/wp\/v2\/users\/1"}],"replies":[{"embeddable":true,"href":"https:\/\/fabsk.eu\/blog\/wp-json\/wp\/v2\/comments?post=1170"}],"version-history":[{"count":8,"href":"https:\/\/fabsk.eu\/blog\/wp-json\/wp\/v2\/pages\/1170\/revisions"}],"predecessor-version":[{"id":2079,"href":"https:\/\/fabsk.eu\/blog\/wp-json\/wp\/v2\/pages\/1170\/revisions\/2079"}],"wp:attachment":[{"href":"https:\/\/fabsk.eu\/blog\/wp-json\/wp\/v2\/media?parent=1170"}],"curies":[{"name":"wp","href":"https:\/\/api.w.org\/{rel}","templated":true}]}}